{"id":17,"date":"2025-09-10T15:57:02","date_gmt":"2025-09-10T15:57:02","guid":{"rendered":"https:\/\/pjcatalyst.se\/contact\/"},"modified":"2026-01-12T09:58:29","modified_gmt":"2026-01-12T09:58:29","slug":"kontakt","status":"publish","type":"page","link":"https:\/\/pjcatalyst.se\/en\/kontakt\/","title":{"rendered":"Contact"},"content":{"rendered":"<div class=\"wp-block-uagb-container uagb-block-a86f6e6a alignfull uagb-is-root-container\"><div class=\"uagb-container-inner-blocks-wrap\">\n<div class=\"wp-block-uagb-advanced-heading uagb-block-a36b259b\"><h1 class=\"uagb-heading-text\">Looking Forward to Hearing From You<\/h1><\/div>\n\n\n\n<div class=\"wp-block-uagb-container uagb-block-aa541eb3\">\n<div class=\"wp-block-uagb-container uagb-block-9300d38e\">\n<div class=\"wp-block-uagb-advanced-heading uagb-block-07c954d2\"><div class=\"uagb-heading-text\"><strong>patrik jismark <\/strong>&#8211;<\/div><p class=\"uagb-desc-text\"><strong>CATALYST FOR GROWTH<\/strong><\/p><div class=\"uagb-separator\"><\/div><\/div>\n\n\n\n<div class=\"wp-block-uagb-advanced-heading uagb-block-c5fdda35\"><div class=\"uagb-heading-text\">Phone<\/div><p class=\"uagb-desc-text\"><a href=\"tel:46761885244\">+46761885244<\/a><\/p><div class=\"uagb-separator\"><\/div><\/div>\n\n\n\n<div class=\"wp-block-uagb-advanced-heading uagb-block-f5167416\"><div class=\"uagb-heading-text\">Email<\/div><p class=\"uagb-desc-text\"><a href=\"mailto:patrik.jismark@pjcatalyst.se\">patrik.jismark@pjcatalyst.se<\/a><\/p><div class=\"uagb-separator\"><\/div><\/div>\n\n\n\n<div class=\"wp-block-uagb-advanced-heading uagb-block-8e629472\"><div class=\"uagb-heading-text\">Address<\/div><p class=\"uagb-desc-text\">Bosshagsgatan 28\n55446 J\u00f6nk\u00f6ping\nSweden<\/p><div class=\"uagb-separator\"><\/div><\/div>\n\n\n\n<div class=\"wp-block-uagb-icon-list uagb-block-1413a588\"><div class=\"uagb-icon-list__wrap\">\n<div class=\"wp-block-uagb-icon-list-child uagb-block-24983a60\"><a target=\"_blank\" aria-label=\"List item\" rel=\"noopener noreferrer\" href=\"https:\/\/www.linkedin.com\/in\/patrik-jismark\/\"> <\/a><span class=\"uagb-icon-list__source-wrap\"><svg xmlns=\"https:\/\/www.w3.org\/2000\/svg\" viewbox=\"0 0 448 512\"><path d=\"M416 32H31.9C14.3 32 0 46.5 0 64.3v383.4C0 465.5 14.3 480 31.9 480H416c17.6 0 32-14.5 32-32.3V64.3c0-17.8-14.4-32.3-32-32.3zM135.4 416H69V202.2h66.5V416zm-33.2-243c-21.3 0-38.5-17.3-38.5-38.5S80.9 96 102.2 96c21.2 0 38.5 17.3 38.5 38.5 0 21.3-17.2 38.5-38.5 38.5zm282.1 243h-66.4V312c0-24.8-.5-56.7-34.5-56.7-34.6 0-39.9 27-39.9 54.9V416h-66.4V202.2h63.7v29.2h.9c8.9-16.8 30.6-34.5 62.9-34.5 67.2 0 79.7 44.3 79.7 101.9V416z\"><\/path><\/svg><\/span><\/div>\n\n\n\n<div class=\"wp-block-uagb-icon-list-child uagb-block-320224e5\"><a target=\"_blank\" aria-label=\" \" rel=\"noopener noreferrer\" href=\"mailto:patrik.jismark@pjcatalyst.se\"> <\/a><span class=\"uagb-icon-list__source-wrap\"><svg xmlns=\"https:\/\/www.w3.org\/2000\/svg\" viewbox=\"0 0 448 512\"><path d=\"M384 32H64C28.63 32 0 60.63 0 96v320c0 35.38 28.62 64 64 64h320c35.38 0 64-28.62 64-64V96C448 60.63 419.4 32 384 32zM384 336c0 17.67-14.33 32-32 32H96c-17.67 0-32-14.33-32-32V225.9l138.5 69.27C209.3 298.5 216.6 300.2 224 300.2s14.75-1.688 21.47-5.047L384 225.9V336zM384 190.1l-152.8 76.42c-4.5 2.25-9.812 2.25-14.31 0L64 190.1V176c0-17.67 14.33-32 32-32h256c17.67 0 32 14.33 32 32V190.1z\"><\/path><\/svg><\/span><\/div>\n<\/div><\/div>\n<\/div>\n\n\n\n<div class=\"wp-block-uagb-image uagb-block-869ca420 wp-block-uagb-image--layout-default wp-block-uagb-image--effect-static wp-block-uagb-image--align-none\"><figure class=\"wp-block-uagb-image__figure\"><img loading=\"lazy\" decoding=\"async\" srcset=\"https:\/\/pjcatalyst.se\/wp-content\/uploads\/2025\/11\/PJ-2.png ,https:\/\/pjcatalyst.se\/wp-content\/uploads\/2025\/11\/PJ-2.png 780w, https:\/\/pjcatalyst.se\/wp-content\/uploads\/2025\/11\/PJ-2.png 360w\" sizes=\"auto, (max-width: 480px) 150px\" src=\"https:\/\/pjcatalyst.se\/wp-content\/uploads\/2025\/11\/PJ-2.png\" alt=\"Patrik Jismark\" class=\"uag-image-1232\" width=\"1024\" height=\"1024\" title=\"\" role=\"img\"\/><\/figure><\/div>\n<\/div>\n<\/div><\/div>\n\n\n\n<div class=\"wp-block-uagb-container uagb-block-040dc388 alignfull uagb-is-root-container\"><div class=\"uagb-container-inner-blocks-wrap\">\n<div class=\"wp-block-group is-layout-constrained wp-block-group-is-layout-constrained\">\n<div class=\"wp-block-group is-content-justification-left is-nowrap is-layout-flex wp-container-core-group-is-layout-4552e0e2 wp-block-group-is-layout-flex\" style=\"margin-top:0;margin-bottom:0;padding-top:0;padding-right:0;padding-bottom:0;padding-left:0\">\n<div class=\"wp-block-uagb-container uagb-block-cfdb83f6\">\n<div class=\"wp-block-uagb-image uagb-block-db34d28d wp-block-uagb-image--layout-default wp-block-uagb-image--effect-static wp-block-uagb-image--align-none\"><figure class=\"wp-block-uagb-image__figure\"><img loading=\"lazy\" decoding=\"async\" srcset=\"https:\/\/pjcatalyst.se\/wp-content\/uploads\/2025\/11\/PJ-Catalyst-1024x1024.png ,https:\/\/pjcatalyst.se\/wp-content\/uploads\/2025\/11\/PJ-Catalyst.png 780w, https:\/\/pjcatalyst.se\/wp-content\/uploads\/2025\/11\/PJ-Catalyst.png 360w\" sizes=\"auto, (max-width: 480px) 150px\" src=\"https:\/\/pjcatalyst.se\/wp-content\/uploads\/2025\/11\/PJ-Catalyst-1024x1024.png\" alt=\"pj catalyst\" class=\"uag-image-1499\" width=\"1024\" height=\"1024\" title=\"pj catalyst\" role=\"img\"\/><\/figure><\/div>\n<\/div>\n\n\n\n<div class=\"wp-block-uagb-container uagb-block-53481aef\">\n<div class=\"wp-block-uagb-info-box uagb-block-28289d20 uagb-infobox__content-wrap  uagb-infobox-icon-above-title uagb-infobox-image-valign-top\"><div class=\"uagb-ifb-content\"><div class=\"uagb-ifb-title-wrap\"><h3 class=\"uagb-ifb-title\">CONTACT <br>PJ CATALYST TODAY<\/h3><\/div><p class=\"uagb-ifb-desc\">Would you like to explore how we can help your organization grow? <br>Don't hesitate to reach out for a free consultation.<\/p><\/div><\/div>\n\n\n\n<div class=\"wp-block-uagb-container uagb-block-46d8de0f\">\n<div class=\"wp-block-uagb-buttons uagb-buttons__outer-wrap uagb-btn__default-btn uagb-btn-tablet__default-btn uagb-btn-mobile__default-btn uagb-block-430756f0\"><div class=\"uagb-buttons__wrap uagb-buttons-layout-wrap\">\n<div class=\"wp-block-uagb-buttons-child uagb-buttons__outer-wrap uagb-block-122443e5 wp-block-button\"><div class=\"uagb-button__wrapper\"><a class=\"uagb-buttons-repeater wp-block-button__link\" aria-label=\"\" href=\"https:\/\/pjcatalyst.se\/en\/kontakt\/\" rel=\"follow noopener\" target=\"_self\" role=\"button\"><div class=\"uagb-button__link\">BOOK A MEETING<\/div><\/a><\/div><\/div>\n<\/div><\/div>\n<\/div>\n<\/div>\n<\/div>\n<\/div>\n<\/div><\/div>","protected":false},"excerpt":{"rendered":"<p>Ser Fram Emot Att H\u00f6ra Fr\u00e5n Dig patrik jismark &#8211; KATALYSATOR F\u00d6R TILLV\u00c4XT Telefon +46761885244 E-post patrik.jismark@pjcatalyst.se Adress Bosshagsgatan 28 [&hellip;]<\/p>","protected":false},"author":1,"featured_media":0,"parent":0,"menu_order":0,"comment_status":"closed","ping_status":"closed","template":"","meta":{"_uag_custom_page_level_css":"","site-sidebar-layout":"no-sidebar","site-content-layout":"page-builder","ast-site-content-layout":"full-width-container","site-content-style":"unboxed","site-sidebar-style":"unboxed","ast-global-header-display":"","ast-banner-title-visibility":"","ast-main-header-display":"","ast-hfb-above-header-display":"","ast-hfb-below-header-display":"","ast-hfb-mobile-header-display":"","site-post-title":"disabled","ast-breadcrumbs-content":"","ast-featured-img":"","footer-sml-layout":"","theme-transparent-header-meta":"disabled","adv-header-id-meta":"","stick-header-meta":"","header-above-stick-meta":"","header-main-stick-meta":"","header-below-stick-meta":"","astra-migrate-meta-layouts":"set","ast-page-background-enabled":"default","ast-page-background-meta":{"desktop":{"background-color":"var(--ast-global-color-4)","background-image":"","background-repeat":"repeat","background-position":"center center","background-size":"auto","background-attachment":"scroll","background-type":"","background-media":"","overlay-type":"","overlay-color":"","overlay-opacity":"","overlay-gradient":""},"tablet":{"background-color":"","background-image":"","background-repeat":"repeat","background-position":"center center","background-size":"auto","background-attachment":"scroll","background-type":"","background-media":"","overlay-type":"","overlay-color":"","overlay-opacity":"","overlay-gradient":""},"mobile":{"background-color":"","background-image":"","background-repeat":"repeat","background-position":"center center","background-size":"auto","background-attachment":"scroll","background-type":"","background-media":"","overlay-type":"","overlay-color":"","overlay-opacity":"","overlay-gradient":""}},"ast-content-background-meta":{"desktop":{"background-color":"var(--ast-global-color-5)","background-image":"","background-repeat":"repeat","background-position":"center center","background-size":"auto","background-attachment":"scroll","background-type":"","background-media":"","overlay-type":"","overlay-color":"","overlay-opacity":"","overlay-gradient":""},"tablet":{"background-color":"var(--ast-global-color-5)","background-image":"","background-repeat":"repeat","background-position":"center center","background-size":"auto","background-attachment":"scroll","background-type":"","background-media":"","overlay-type":"","overlay-color":"","overlay-opacity":"","overlay-gradient":""},"mobile":{"background-color":"var(--ast-global-color-5)","background-image":"","background-repeat":"repeat","background-position":"center center","background-size":"auto","background-attachment":"scroll","background-type":"","background-media":"","overlay-type":"","overlay-color":"","overlay-opacity":"","overlay-gradient":""}},"footnotes":""},"class_list":["post-17","page","type-page","status-publish","hentry"],"uagb_featured_image_src":{"full":false,"thumbnail":false,"medium":false,"medium_large":false,"large":false,"1536x1536":false,"2048x2048":false,"trp-custom-language-flag":false},"uagb_author_info":{"display_name":"mhsite959528","author_link":"https:\/\/pjcatalyst.se\/en\/author\/mhsite959528\/"},"uagb_comment_info":0,"uagb_excerpt":"Ser Fram Emot Att H\u00f6ra Fr\u00e5n Dig patrik jismark &#8211; KATALYSATOR F\u00d6R TILLV\u00c4XT Telefon +46761885244 E-post patrik.jismark@pjcatalyst.se Adress Bosshagsgatan 28 [&hellip;]","_links":{"self":[{"href":"https:\/\/pjcatalyst.se\/en\/wp-json\/wp\/v2\/pages\/17","targetHints":{"allow":["GET"]}}],"collection":[{"href":"https:\/\/pjcatalyst.se\/en\/wp-json\/wp\/v2\/pages"}],"about":[{"href":"https:\/\/pjcatalyst.se\/en\/wp-json\/wp\/v2\/types\/page"}],"author":[{"embeddable":true,"href":"https:\/\/pjcatalyst.se\/en\/wp-json\/wp\/v2\/users\/1"}],"replies":[{"embeddable":true,"href":"https:\/\/pjcatalyst.se\/en\/wp-json\/wp\/v2\/comments?post=17"}],"version-history":[{"count":25,"href":"https:\/\/pjcatalyst.se\/en\/wp-json\/wp\/v2\/pages\/17\/revisions"}],"predecessor-version":[{"id":1557,"href":"https:\/\/pjcatalyst.se\/en\/wp-json\/wp\/v2\/pages\/17\/revisions\/1557"}],"wp:attachment":[{"href":"https:\/\/pjcatalyst.se\/en\/wp-json\/wp\/v2\/media?parent=17"}],"curies":[{"name":"wp","href":"https:\/\/api.w.org\/{rel}","templated":true}]}}