{"id":1077,"date":"2025-09-10T15:57:02","date_gmt":"2025-09-10T15:57:02","guid":{"rendered":"https:\/\/pjcatalyst.se\/about\/"},"modified":"2026-01-29T13:46:12","modified_gmt":"2026-01-29T13:46:12","slug":"om","status":"publish","type":"page","link":"https:\/\/pjcatalyst.se\/en\/om\/","title":{"rendered":"About"},"content":{"rendered":"<div class=\"wp-block-uagb-container uagb-block-b3556943 alignfull uagb-is-root-container\"><div class=\"uagb-container__shape uagb-container__shape-top\"><svg xmlns=\"https:\/\/www.w3.org\/2000\/svg\" viewbox=\"0 0 283.5 19.6\" preserveaspectratio=\"none\"><path class=\"uagb-container__shape-fill\" opacity=\"0.33\" d=\"M0 0L0 18.8 141.8 4.1 283.5 18.8 283.5 0z\"><\/path><path class=\"uagb-container__shape-fill\" opacity=\"0.33\" d=\"M0 0L0 12.6 141.8 4 283.5 12.6 283.5 0z\"><\/path><path class=\"uagb-container__shape-fill\" opacity=\"0.33\" d=\"M0 0L0 6.4 141.8 4 283.5 6.4 283.5 0z\"><\/path><path class=\"uagb-container__shape-fill\" d=\"M0 0L0 1.2 141.8 4 283.5 1.2 283.5 0z\"><\/path><\/svg><\/div><div class=\"uagb-container-inner-blocks-wrap\">\n<div class=\"wp-block-columns is-layout-flex wp-container-core-columns-is-layout-28f84493 wp-block-columns-is-layout-flex\">\n<div class=\"wp-block-column is-layout-flow wp-block-column-is-layout-flow\">\n<div data-aos= \"fade\" data-aos-duration=\"400\" data-aos-delay=\"0\" data-aos-easing=\"ease\" data-aos-once=\"true\" class=\"wp-block-uagb-image uagb-block-a8cb898a wp-block-uagb-image--layout-default wp-block-uagb-image--effect-static wp-block-uagb-image--align-none\"><figure class=\"wp-block-uagb-image__figure\"><img loading=\"lazy\" decoding=\"async\" srcset=\"https:\/\/pjcatalyst.se\/wp-content\/uploads\/2026\/01\/Transformation-1024x1024.png ,https:\/\/pjcatalyst.se\/wp-content\/uploads\/2026\/01\/Transformation.png 780w, https:\/\/pjcatalyst.se\/wp-content\/uploads\/2026\/01\/Transformation.png 360w\" sizes=\"auto, (max-width: 480px) 150px\" src=\"https:\/\/pjcatalyst.se\/wp-content\/uploads\/2026\/01\/Transformation-1024x1024.png\" alt=\"transformation\" class=\"uag-image-1574\" width=\"1024\" height=\"1024\" title=\"Transformation\" role=\"img\"\/><\/figure><\/div>\n<\/div>\n\n\n\n<div class=\"wp-block-column is-layout-flow wp-block-column-is-layout-flow\">\n<div data-aos= \"fade-left\" data-aos-duration=\"400\" data-aos-delay=\"0\" data-aos-easing=\"ease\" data-aos-once=\"true\" class=\"wp-block-uagb-info-box uagb-block-57eb2570 uagb-infobox__content-wrap  uagb-infobox-icon-above-title uagb-infobox-image-valign-top\"><div class=\"uagb-ifb-content\"><div class=\"uagb-ifb-title-wrap\"><h3 class=\"uagb-ifb-title\"><br>PJ catalyst<\/h3><\/div><p class=\"uagb-ifb-desc\"><strong>PJ Catalyst helps organizations grow \u2014 for real.<\/strong><br>For us, development is not about powerpoints and plans, but about creating.<br>Change that is felt, seen and lived in everyday operations and that truly lasts. We work closely with our clients through dialogue, workshops and hands-on collaboration until results are visible in every customer interaction.<br><strong><br>Catalyzes and contributes to:<\/strong><br>\u2013 Creating a cohesive, end-to-end experience between you and your customers.<br>\u2013 Aligning leadership and the organization into a unified whole.<br>\u2013 Successfully driving and sustaining organizational change.<br>\u2013 Developing leadership and culture that enable meaningful change.<br>\u2013 Creating clarity in goals, ways of working, and accountability.<br>\u2013 Building psychological safety and engagement across the organization.<br><br><strong>PJ Catalyst AB collaborates with companies both in Sweden and internationally<\/strong>, often in industries where growth, transformation and commercial precision demand leadership that truly makes a difference.<\/p><\/div><\/div>\n<\/div>\n<\/div>\n<\/div><\/div>\n\n\n\n<div class=\"wp-block-uagb-container uagb-block-0d5083e9 alignfull uagb-is-root-container\"><div class=\"uagb-container__shape uagb-container__shape-top\"><svg xmlns=\"https:\/\/www.w3.org\/2000\/svg\" viewbox=\"0 0 283.5 19.6\" preserveaspectratio=\"none\"><path class=\"uagb-container__shape-fill\" opacity=\"0.33\" d=\"M0 0L0 18.8 141.8 4.1 283.5 18.8 283.5 0z\"><\/path><path class=\"uagb-container__shape-fill\" opacity=\"0.33\" d=\"M0 0L0 12.6 141.8 4 283.5 12.6 283.5 0z\"><\/path><path class=\"uagb-container__shape-fill\" opacity=\"0.33\" d=\"M0 0L0 6.4 141.8 4 283.5 6.4 283.5 0z\"><\/path><path class=\"uagb-container__shape-fill\" d=\"M0 0L0 1.2 141.8 4 283.5 1.2 283.5 0z\"><\/path><\/svg><\/div><div class=\"uagb-container-inner-blocks-wrap\">\n<div class=\"wp-block-columns is-layout-flex wp-container-core-columns-is-layout-28f84493 wp-block-columns-is-layout-flex\">\n<div class=\"wp-block-column is-layout-flow wp-block-column-is-layout-flow\">\n<div data-aos= \"fade-right\" data-aos-duration=\"400\" data-aos-delay=\"0\" data-aos-easing=\"ease\" data-aos-once=\"true\" class=\"wp-block-uagb-info-box uagb-block-4f138679 uagb-infobox__content-wrap  uagb-infobox-icon-above-title uagb-infobox-image-valign-top\"><div class=\"uagb-ifb-content\"><div class=\"uagb-ifb-title-wrap\"><h3 class=\"uagb-ifb-title\"><br>patrik jismark<\/h3><\/div><p class=\"uagb-ifb-desc\"><strong>Founder &amp; Consultant, PJ Catalyst AB<\/strong><br>Leadership has always been a part of my life.<br>My first leadership training came already in my teens, within Friluftsfr\u00e4mjandet, on the path to becoming a certified ski instructor. There, I learned something that still shapes me today:<br>Leadership is about trust, psychological safety, and the ability to move people forward \u2014 even when the ground is constantly shifting.<br><br>Since then, I have continued to build on that leadership in the business world.<br>I have led everything from commercial teams to service and installation teams, and driven transformation journeys across industries. from manufacturing to service-based organizations in companies such as Swecon, V\u00e4xa Sverige, Schur and Sesol. Throughout, the ambition has been to create momentum between people, structure and results. Together, we have delivered growth, improved profitability, and built long-term customer partnerships that endure across business cycles.<br><br>Jag \u00e4r certifierad inom management business &amp; administration, f\u00f6r\u00e4ndringsledning, OBM organizational behavior managementet, psykologisk trygghet i ledarskapet, ABC-analys, och styrelseledamot samt diplomerad katalyserande coach&nbsp;vid Gothia Akademi. Dessa verktyg g\u00f6r att jag kan kombinera strategiskt ledarskap med kommersiell sk\u00e4rpa och m\u00e4nsklig f\u00f6rst\u00e5else och driva f\u00f6r\u00e4ndring som h\u00e5ller \u00f6ver tid.<br><br>Today, I lead PJ Catalyst AB, where I help organizations achieve growth and improved profitability by strengthening their organization, brand, marketing, and sales.<br><br>I believe that real results emerge when people truly understand&nbsp;<em>why<\/em>&nbsp;they should act \u2013 not just&nbsp;<em>how<\/em><\/p><\/div><\/div>\n<\/div>\n\n\n\n<div class=\"wp-block-column is-layout-flow wp-block-column-is-layout-flow\">\n<div data-aos= \"fade\" data-aos-duration=\"400\" data-aos-delay=\"0\" data-aos-easing=\"ease\" data-aos-once=\"true\" class=\"wp-block-uagb-image uagb-block-6fbd63c3 wp-block-uagb-image--layout-default wp-block-uagb-image--effect-static wp-block-uagb-image--align-none\"><figure class=\"wp-block-uagb-image__figure\"><img loading=\"lazy\" decoding=\"async\" srcset=\"https:\/\/pjcatalyst.se\/wp-content\/uploads\/2025\/11\/Namnlos-design-768x1024.png ,https:\/\/pjcatalyst.se\/wp-content\/uploads\/2025\/11\/Namnlos-design-scaled.png 780w, https:\/\/pjcatalyst.se\/wp-content\/uploads\/2025\/11\/Namnlos-design-scaled.png 360w\" sizes=\"auto, (max-width: 480px) 150px\" src=\"https:\/\/pjcatalyst.se\/wp-content\/uploads\/2025\/11\/Namnlos-design-768x1024.png\" alt=\"Patrik Jismark\" class=\"uag-image-1382\" width=\"768\" height=\"1024\" title=\"\" role=\"img\"\/><\/figure><\/div>\n<\/div>\n<\/div>\n<\/div><\/div>\n\n\n\n<div class=\"wp-block-uagb-container uagb-block-501f30ca alignfull uagb-is-root-container\"><div class=\"uagb-container-inner-blocks-wrap\">\n<div class=\"wp-block-uagb-advanced-heading uagb-block-d7aef890\"><h2 class=\"uagb-heading-text\">PJ Catalyst\u2019s Philosophy<\/h2><\/div>\n\n\n\n<div class=\"wp-block-uagb-container uagb-block-3be81fc9\">\n<div class=\"wp-block-uagb-container uagb-block-fc6af748 alignfull uagb-is-root-container\"><div class=\"uagb-container-inner-blocks-wrap\">\n<div class=\"wp-block-columns is-layout-flex wp-container-core-columns-is-layout-28f84493 wp-block-columns-is-layout-flex\">\n<div class=\"wp-block-column is-layout-flow wp-block-column-is-layout-flow\">\n<div data-aos= \"zoom-in\" data-aos-duration=\"400\" data-aos-delay=\"0\" data-aos-easing=\"ease\" data-aos-once=\"true\" class=\"wp-block-uagb-image uagb-block-a1e82d5e wp-block-uagb-image--layout-default wp-block-uagb-image--effect-static wp-block-uagb-image--align-none\"><figure class=\"wp-block-uagb-image__figure\"><img loading=\"lazy\" decoding=\"async\" srcset=\"https:\/\/pjcatalyst.se\/wp-content\/uploads\/2026\/01\/collaboration-1024x512.png ,https:\/\/pjcatalyst.se\/wp-content\/uploads\/2026\/01\/collaboration.png 780w, https:\/\/pjcatalyst.se\/wp-content\/uploads\/2026\/01\/collaboration.png 360w\" sizes=\"auto, (max-width: 480px) 150px\" src=\"https:\/\/pjcatalyst.se\/wp-content\/uploads\/2026\/01\/collaboration-1024x512.png\" alt=\"collaboration\" class=\"uag-image-1568\" width=\"1024\" height=\"512\" title=\"collaboration\" role=\"img\"\/><\/figure><\/div>\n<\/div>\n\n\n\n<div class=\"wp-block-column is-layout-flow wp-block-column-is-layout-flow\">\n<div data-aos= \"zoom-in\" data-aos-duration=\"400\" data-aos-delay=\"0\" data-aos-easing=\"ease\" data-aos-once=\"true\" class=\"wp-block-uagb-image uagb-block-a864de66 wp-block-uagb-image--layout-default wp-block-uagb-image--effect-static wp-block-uagb-image--align-none\"><figure class=\"wp-block-uagb-image__figure\"><img loading=\"lazy\" decoding=\"async\" srcset=\"https:\/\/pjcatalyst.se\/wp-content\/uploads\/2026\/01\/clarity-1024x512.png ,https:\/\/pjcatalyst.se\/wp-content\/uploads\/2026\/01\/clarity.png 780w, https:\/\/pjcatalyst.se\/wp-content\/uploads\/2026\/01\/clarity.png 360w\" sizes=\"auto, (max-width: 480px) 150px\" src=\"https:\/\/pjcatalyst.se\/wp-content\/uploads\/2026\/01\/clarity-1024x512.png\" alt=\"clarity\" class=\"uag-image-1569\" width=\"1024\" height=\"512\" title=\"clarity\" role=\"img\"\/><\/figure><\/div>\n<\/div>\n\n\n\n<div class=\"wp-block-column is-layout-flow wp-block-column-is-layout-flow\">\n<div data-aos= \"zoom-in\" data-aos-duration=\"400\" data-aos-delay=\"0\" data-aos-easing=\"ease\" data-aos-once=\"true\" class=\"wp-block-uagb-image uagb-block-851ee9d3 wp-block-uagb-image--layout-default wp-block-uagb-image--effect-static wp-block-uagb-image--align-none\"><figure class=\"wp-block-uagb-image__figure\"><img loading=\"lazy\" decoding=\"async\" srcset=\"https:\/\/pjcatalyst.se\/wp-content\/uploads\/2026\/01\/courage-1024x512.png ,https:\/\/pjcatalyst.se\/wp-content\/uploads\/2026\/01\/courage.png 780w, https:\/\/pjcatalyst.se\/wp-content\/uploads\/2026\/01\/courage.png 360w\" sizes=\"auto, (max-width: 480px) 150px\" src=\"https:\/\/pjcatalyst.se\/wp-content\/uploads\/2026\/01\/courage-1024x512.png\" alt=\"courage\" class=\"uag-image-1570\" width=\"1024\" height=\"512\" title=\"courage\" role=\"img\"\/><\/figure><\/div>\n<\/div>\n<\/div>\n<\/div><\/div>\n<\/div>\n<\/div><\/div>\n\n\n\n<div class=\"wp-block-uagb-container uagb-block-040dc388 alignfull uagb-is-root-container\"><div class=\"uagb-container-inner-blocks-wrap\">\n<div class=\"wp-block-group is-layout-constrained wp-block-group-is-layout-constrained\">\n<div class=\"wp-block-group is-content-justification-left is-nowrap is-layout-flex wp-container-core-group-is-layout-4552e0e2 wp-block-group-is-layout-flex\" style=\"margin-top:0;margin-bottom:0;padding-top:0;padding-right:0;padding-bottom:0;padding-left:0\">\n<div class=\"wp-block-uagb-container uagb-block-cfdb83f6\">\n<div class=\"wp-block-uagb-image uagb-block-db34d28d wp-block-uagb-image--layout-default wp-block-uagb-image--effect-static wp-block-uagb-image--align-none\"><figure class=\"wp-block-uagb-image__figure\"><img loading=\"lazy\" decoding=\"async\" srcset=\"https:\/\/pjcatalyst.se\/wp-content\/uploads\/2025\/11\/PJ-Catalyst-1024x1024.png ,https:\/\/pjcatalyst.se\/wp-content\/uploads\/2025\/11\/PJ-Catalyst.png 780w, https:\/\/pjcatalyst.se\/wp-content\/uploads\/2025\/11\/PJ-Catalyst.png 360w\" sizes=\"auto, (max-width: 480px) 150px\" src=\"https:\/\/pjcatalyst.se\/wp-content\/uploads\/2025\/11\/PJ-Catalyst-1024x1024.png\" alt=\"pj catalyst\" class=\"uag-image-1499\" width=\"1024\" height=\"1024\" title=\"pj catalyst\" role=\"img\"\/><\/figure><\/div>\n<\/div>\n\n\n\n<div class=\"wp-block-uagb-container uagb-block-53481aef\">\n<div class=\"wp-block-uagb-info-box uagb-block-28289d20 uagb-infobox__content-wrap  uagb-infobox-icon-above-title uagb-infobox-image-valign-top\"><div class=\"uagb-ifb-content\"><div class=\"uagb-ifb-title-wrap\"><h3 class=\"uagb-ifb-title\">CONTACT <br>PJ CATALYST TODAY<\/h3><\/div><p class=\"uagb-ifb-desc\">Would you like to explore how we can help your organization grow? <br>Don't hesitate to reach out for a free consultation.<\/p><\/div><\/div>\n\n\n\n<div class=\"wp-block-uagb-container uagb-block-46d8de0f\">\n<div class=\"wp-block-uagb-buttons uagb-buttons__outer-wrap uagb-btn__default-btn uagb-btn-tablet__default-btn uagb-btn-mobile__default-btn uagb-block-430756f0\"><div class=\"uagb-buttons__wrap uagb-buttons-layout-wrap\">\n<div class=\"wp-block-uagb-buttons-child uagb-buttons__outer-wrap uagb-block-122443e5 wp-block-button\"><div class=\"uagb-button__wrapper\"><a class=\"uagb-buttons-repeater wp-block-button__link\" aria-label=\"\" href=\"https:\/\/pjcatalyst.se\/en\/kontakt\/\" rel=\"follow noopener\" target=\"_self\" role=\"button\"><div class=\"uagb-button__link\">BOOK A MEETING<\/div><\/a><\/div><\/div>\n<\/div><\/div>\n<\/div>\n<\/div>\n<\/div>\n<\/div>\n<\/div><\/div>","protected":false},"excerpt":{"rendered":"<p>PJ Catalyst\u2019s Philosophy<\/p>","protected":false},"author":1,"featured_media":0,"parent":0,"menu_order":0,"comment_status":"closed","ping_status":"closed","template":"","meta":{"_uag_custom_page_level_css":"","site-sidebar-layout":"no-sidebar","site-content-layout":"page-builder","ast-site-content-layout":"full-width-container","site-content-style":"unboxed","site-sidebar-style":"unboxed","ast-global-header-display":"","ast-banner-title-visibility":"","ast-main-header-display":"","ast-hfb-above-header-display":"","ast-hfb-below-header-display":"","ast-hfb-mobile-header-display":"","site-post-title":"disabled","ast-breadcrumbs-content":"","ast-featured-img":"","footer-sml-layout":"","theme-transparent-header-meta":"disabled","adv-header-id-meta":"","stick-header-meta":"","header-above-stick-meta":"","header-main-stick-meta":"","header-below-stick-meta":"","astra-migrate-meta-layouts":"set","ast-page-background-enabled":"default","ast-page-background-meta":{"desktop":{"background-color":"var(--ast-global-color-4)","background-image":"","background-repeat":"repeat","background-position":"center center","background-size":"auto","background-attachment":"scroll","background-type":"","background-media":"","overlay-type":"","overlay-color":"","overlay-opacity":"","overlay-gradient":""},"tablet":{"background-color":"","background-image":"","background-repeat":"repeat","background-position":"center center","background-size":"auto","background-attachment":"scroll","background-type":"","background-media":"","overlay-type":"","overlay-color":"","overlay-opacity":"","overlay-gradient":""},"mobile":{"background-color":"","background-image":"","background-repeat":"repeat","background-position":"center center","background-size":"auto","background-attachment":"scroll","background-type":"","background-media":"","overlay-type":"","overlay-color":"","overlay-opacity":"","overlay-gradient":""}},"ast-content-background-meta":{"desktop":{"background-color":"var(--ast-global-color-5)","background-image":"","background-repeat":"repeat","background-position":"center center","background-size":"auto","background-attachment":"scroll","background-type":"","background-media":"","overlay-type":"","overlay-color":"","overlay-opacity":"","overlay-gradient":""},"tablet":{"background-color":"var(--ast-global-color-5)","background-image":"","background-repeat":"repeat","background-position":"center center","background-size":"auto","background-attachment":"scroll","background-type":"","background-media":"","overlay-type":"","overlay-color":"","overlay-opacity":"","overlay-gradient":""},"mobile":{"background-color":"var(--ast-global-color-5)","background-image":"","background-repeat":"repeat","background-position":"center center","background-size":"auto","background-attachment":"scroll","background-type":"","background-media":"","overlay-type":"","overlay-color":"","overlay-opacity":"","overlay-gradient":""}},"footnotes":""},"class_list":["post-1077","page","type-page","status-publish","hentry"],"uagb_featured_image_src":{"full":false,"thumbnail":false,"medium":false,"medium_large":false,"large":false,"1536x1536":false,"2048x2048":false,"trp-custom-language-flag":false},"uagb_author_info":{"display_name":"mhsite959528","author_link":"https:\/\/pjcatalyst.se\/en\/author\/mhsite959528\/"},"uagb_comment_info":0,"uagb_excerpt":"PJ Catalyst\u00b4s filosofi","_links":{"self":[{"href":"https:\/\/pjcatalyst.se\/en\/wp-json\/wp\/v2\/pages\/1077","targetHints":{"allow":["GET"]}}],"collection":[{"href":"https:\/\/pjcatalyst.se\/en\/wp-json\/wp\/v2\/pages"}],"about":[{"href":"https:\/\/pjcatalyst.se\/en\/wp-json\/wp\/v2\/types\/page"}],"author":[{"embeddable":true,"href":"https:\/\/pjcatalyst.se\/en\/wp-json\/wp\/v2\/users\/1"}],"replies":[{"embeddable":true,"href":"https:\/\/pjcatalyst.se\/en\/wp-json\/wp\/v2\/comments?post=1077"}],"version-history":[{"count":59,"href":"https:\/\/pjcatalyst.se\/en\/wp-json\/wp\/v2\/pages\/1077\/revisions"}],"predecessor-version":[{"id":1575,"href":"https:\/\/pjcatalyst.se\/en\/wp-json\/wp\/v2\/pages\/1077\/revisions\/1575"}],"wp:attachment":[{"href":"https:\/\/pjcatalyst.se\/en\/wp-json\/wp\/v2\/media?parent=1077"}],"curies":[{"name":"wp","href":"https:\/\/api.w.org\/{rel}","templated":true}]}}